{"id":50,"date":"2017-01-29T10:56:40","date_gmt":"2017-01-29T09:56:40","guid":{"rendered":"http:\/\/www.vojtaf.cz\/?page_id=50"},"modified":"2019-12-25T19:40:19","modified_gmt":"2019-12-25T18:40:19","slug":"moje-alba","status":"publish","type":"page","link":"https:\/\/www.vojtaf.cz\/?page_id=50","title":{"rendered":"Obr\u00e1zky z cest"},"content":{"rendered":"<h2>2018<\/h2>\n<table>\n<tbody>\n<tr>\n<td><a href=\"\/vojta\/2018-Rodopi\/index.html\"><img decoding=\"async\" src=\"\/vojta\/2018-Rodopi\/preview.jpg\"><\/a><br \/>\nBulharsko &#8211; Rodopy<\/td>\n<td><a href=\"\/vojta\/2018-Rodopi-1\/index.html\"><img decoding=\"async\" src=\"\/vojta\/2018-Rodopi-1\/preview.jpg\"><\/a><br \/>\nRodopy 2008 \/ 2018<\/td>\n<\/tr>\n<tr>\n<td><a href=\"\/vojta\/2018-Vir\/index.html\"><img decoding=\"async\" src=\"\/vojta\/2018-Vir\/preview.jpg\"><\/a><br \/>\nSucho na V\u00edru<\/td>\n<td><\/td>\n<\/tr>\n<\/tbody>\n<\/table>\n<h2>2017<\/h2>\n<table>\n<tbody>\n<tr>\n<td><a href=\"\/vojta\/2017-Malaga-Gibraltar\/index.html\"><img decoding=\"async\" src=\"\/vojta\/2017-Malaga-Gibraltar\/preview.jpg\"><\/a><br \/>\nAndalusie &#8211; pob\u0159e\u017e\u00ed<\/td>\n<td><a href=\"\/vojta\/2017-SierraNevada\/index.html\"><img decoding=\"async\" src=\"\/vojta\/2017-SierraNevada\/preview.jpg\"><\/a><br \/>\nAndalusie &#8211; Sierra Nevada<\/td>\n<\/tr>\n<tr>\n<td><a href=\"\/vojta\/2017-Cordoba-Madrid\/index.html\"><img decoding=\"async\" src=\"\/vojta\/2017-Cordoba-Madrid\/preview.jpg\"><\/a><br \/>\nCordoba, Madrid<\/td>\n<td><a href=\"\/vojta\/2017-Ptaci\/index.html\"><img decoding=\"async\" src=\"\/vojta\/2017-Ptaci\/preview.jpg\"><\/a><br \/>\nPast na pt\u00e1ky<\/td>\n<\/tr>\n<\/tbody>\n<\/table>\n<h2>2016<\/h2>\n<table>\n<tbody>\n<tr>\n<td><a href=\"\/vojta\/2016-Gruzie-Mestia\/index.html\"><img decoding=\"async\" src=\"\/vojta\/2016-Gruzie-Mestia\/preview.jpg\"><\/a><br \/>\nGruzie, Mestia<\/td>\n<td><a href=\"\/vojta\/2016-Gruzie-Tbilisi\/index.html\"><img decoding=\"async\" src=\"\/vojta\/2016-Gruzie-Tbilisi\/preview.jpg\"><\/a><br \/>\nGruzie, Tbilisi<\/td>\n<\/tr>\n<\/tbody>\n<\/table>\n<h2>2015<\/h2>\n<table>\n<tbody>\n<tr>\n<td><a href=\"\/vojta\/2015-Rumunsko\/index.html\"><img decoding=\"async\" src=\"\/vojta\/2015-Rumunsko\/preview.jpg\"><\/a><br \/>\nRumunsko, Bra\u0161ov<\/td>\n<\/tr>\n<\/tbody>\n<\/table>\n<h2>2014<\/h2>\n<table>\n<tbody>\n<tr>\n<td><a href=\"\/vojta\/2014-Hallstatt\/index.html\"><img decoding=\"async\" src=\"\/vojta\/2014-Hallstatt\/preview.jpg\"><\/a><br \/>\nRakousko, Hallstatt<\/td>\n<\/tr>\n<\/tbody>\n<\/table>\n<h2>2013<\/h2>\n<table>\n<tbody>\n<tr>\n<td><a href=\"\/vojta\/2013-StaraPlanina\/index.html\"><img decoding=\"async\" src=\"\/vojta\/2013-StaraPlanina\/preview.jpg\"><\/a><br \/>\nBulharsko, Stara Planina<\/td>\n<\/tr>\n<\/tbody>\n<\/table>\n<h2>2012<\/h2>\n<h2>2011<\/h2>\n<h2>2010<\/h2>\n<table>\n<tbody>\n<tr>\n<td><a href=\"\/vojta\/2010-grandcanyon\/index.html\"><img decoding=\"async\" src=\"\/vojta\/2010-grandcanyon\/preview.jpg\"><\/a><br \/>\nUSA, Grand Canyon<\/td>\n<\/tr>\n<\/tbody>\n<\/table>\n<h2>2009<\/h2>\n<p>&nbsp;<\/p>\n","protected":false},"excerpt":{"rendered":"<p>2018 Bulharsko &#8211; Rodopy Rodopy 2008 \/ 2018 Sucho na V\u00edru 2017 Andalusie &#8211; pob\u0159e\u017e\u00ed Andalusie &#8211; Sierra Nevada Cordoba, Madrid Past na pt\u00e1ky 2016 Gruzie, Mestia Gruzie, Tbilisi 2015 Rumunsko, Bra\u0161ov 2014 Rakousko, Hallstatt 2013 Bulharsko, Stara Planina 2012 2011 2010 USA, Grand Canyon 2009 &nbsp;<\/p>\n","protected":false},"author":1,"featured_media":0,"parent":0,"menu_order":0,"comment_status":"closed","ping_status":"closed","template":"","meta":{"footnotes":""},"class_list":["post-50","page","type-page","status-publish","hentry"],"_links":{"self":[{"href":"https:\/\/www.vojtaf.cz\/index.php?rest_route=\/wp\/v2\/pages\/50","targetHints":{"allow":["GET"]}}],"collection":[{"href":"https:\/\/www.vojtaf.cz\/index.php?rest_route=\/wp\/v2\/pages"}],"about":[{"href":"https:\/\/www.vojtaf.cz\/index.php?rest_route=\/wp\/v2\/types\/page"}],"author":[{"embeddable":true,"href":"https:\/\/www.vojtaf.cz\/index.php?rest_route=\/wp\/v2\/users\/1"}],"replies":[{"embeddable":true,"href":"https:\/\/www.vojtaf.cz\/index.php?rest_route=%2Fwp%2Fv2%2Fcomments&post=50"}],"version-history":[{"count":11,"href":"https:\/\/www.vojtaf.cz\/index.php?rest_route=\/wp\/v2\/pages\/50\/revisions"}],"predecessor-version":[{"id":138,"href":"https:\/\/www.vojtaf.cz\/index.php?rest_route=\/wp\/v2\/pages\/50\/revisions\/138"}],"wp:attachment":[{"href":"https:\/\/www.vojtaf.cz\/index.php?rest_route=%2Fwp%2Fv2%2Fmedia&parent=50"}],"curies":[{"name":"wp","href":"https:\/\/api.w.org\/{rel}","templated":true}]}}