{"id":39,"date":"2017-01-28T23:31:32","date_gmt":"2017-01-28T22:31:32","guid":{"rendered":"http:\/\/www.vojtaf.cz\/?page_id=39"},"modified":"2017-01-28T23:31:32","modified_gmt":"2017-01-28T22:31:32","slug":"faststone","status":"publish","type":"page","link":"https:\/\/www.vojtaf.cz\/?page_id=39","title":{"rendered":"FastStone"},"content":{"rendered":"<h1 id=\"faststone\" class=\"sectionedit1\">FastStone<\/h1>\n<div class=\"level1\">\n<p>Vlastnosti<\/p>\n<ul>\n<li>mal\u00fd a jednoduch\u00fd program pro Windows<\/li>\n<li class=\"level1\">\n<div class=\"li\">prohl\u00ed\u017een\u00ed libovoln\u00fdch typ\u016f obr\u00e1zk\u016f<\/div>\n<\/li>\n<li class=\"level1\">\n<div class=\"li\">ukl\u00e1d\u00e1n\u00ed ve velk\u00e9m mno\u017estv\u00ed form\u00e1t\u016f<\/div>\n<\/li>\n<li class=\"level1\">\n<div class=\"li\">n\u00e1stroje pro kreslen\u00ed a jin\u00e9 \u00fapravy<\/div>\n<\/li>\n<li class=\"level1\">\n<div class=\"li\">licence &#8211; zdarma pro nekomer\u010dn\u00ed pou\u017eit\u00ed (freeware)<\/div>\n<\/li>\n<li class=\"level1\">\n<div class=\"li\">\u010de\u0161tina<\/div>\n<\/li>\n<\/ul>\n<p>Je to vhodn\u00fd n\u00e1stroj pro p\u0159\u00edpravu obr\u00e1zku p\u0159ed um\u00edst\u011bn\u00edm na web.<\/p>\n<p>Ke sta\u017een\u00ed <a class=\"urlextern\" title=\"http:\/\/www.faststone.org\/\" href=\"http:\/\/www.faststone.org\/\" rel=\"nofollow\">zde<\/a>.<\/p>\n<\/div>\n","protected":false},"excerpt":{"rendered":"<p>FastStone Vlastnosti mal\u00fd a jednoduch\u00fd program pro Windows prohl\u00ed\u017een\u00ed libovoln\u00fdch typ\u016f obr\u00e1zk\u016f ukl\u00e1d\u00e1n\u00ed ve velk\u00e9m mno\u017estv\u00ed form\u00e1t\u016f n\u00e1stroje pro kreslen\u00ed a jin\u00e9 \u00fapravy licence &#8211; zdarma pro nekomer\u010dn\u00ed pou\u017eit\u00ed (freeware) \u010de\u0161tina Je to vhodn\u00fd n\u00e1stroj pro p\u0159\u00edpravu obr\u00e1zku p\u0159ed um\u00edst\u011bn\u00edm na web. Ke sta\u017een\u00ed zde.<\/p>\n","protected":false},"author":1,"featured_media":0,"parent":0,"menu_order":0,"comment_status":"closed","ping_status":"closed","template":"","meta":{"footnotes":""},"class_list":["post-39","page","type-page","status-publish","hentry"],"_links":{"self":[{"href":"https:\/\/www.vojtaf.cz\/index.php?rest_route=\/wp\/v2\/pages\/39","targetHints":{"allow":["GET"]}}],"collection":[{"href":"https:\/\/www.vojtaf.cz\/index.php?rest_route=\/wp\/v2\/pages"}],"about":[{"href":"https:\/\/www.vojtaf.cz\/index.php?rest_route=\/wp\/v2\/types\/page"}],"author":[{"embeddable":true,"href":"https:\/\/www.vojtaf.cz\/index.php?rest_route=\/wp\/v2\/users\/1"}],"replies":[{"embeddable":true,"href":"https:\/\/www.vojtaf.cz\/index.php?rest_route=%2Fwp%2Fv2%2Fcomments&post=39"}],"version-history":[{"count":1,"href":"https:\/\/www.vojtaf.cz\/index.php?rest_route=\/wp\/v2\/pages\/39\/revisions"}],"predecessor-version":[{"id":40,"href":"https:\/\/www.vojtaf.cz\/index.php?rest_route=\/wp\/v2\/pages\/39\/revisions\/40"}],"wp:attachment":[{"href":"https:\/\/www.vojtaf.cz\/index.php?rest_route=%2Fwp%2Fv2%2Fmedia&parent=39"}],"curies":[{"name":"wp","href":"https:\/\/api.w.org\/{rel}","templated":true}]}}