{"id":195,"date":"2026-04-26T11:53:43","date_gmt":"2026-04-26T09:53:43","guid":{"rendered":"https:\/\/www.vojtaf.cz\/?page_id=195"},"modified":"2026-04-26T12:40:09","modified_gmt":"2026-04-26T10:40:09","slug":"bpa-brno-odkazy","status":"publish","type":"page","link":"https:\/\/www.vojtaf.cz\/?page_id=195","title":{"rendered":"BPA Brno &#8211; odkazy"},"content":{"rendered":"\n<h2 class=\"wp-block-heading\">Obl\u00edben\u00e9<\/h2>\n\n\n\n<p><a href=\"https:\/\/baka.bpa-brno.cz\/login\">Bakal\u00e1\u0159i web<\/a><br><a href=\"http:\/\/eknihovna2.bpa-brno.cz\/users\/sign_in\">JOKRYS<\/a><br><a href=\"https:\/\/www.facebook.com\/bpabrno.cz\">Facebook<\/a><br><a href=\"https:\/\/www.facebook.com\/p\/%C5%A0koln%C3%AD-sportovn%C3%AD-klub-p%C5%99i-BPA-Brno-100090564732429\/\">\u0160koln\u00ed sportovn\u00ed klub<\/a><\/p>\n\n\n\n<h2 class=\"wp-block-heading\">V\u00fdukov\u00e9 zdroje<\/h2>\n\n\n\n<p><a href=\"https:\/\/stv.bpa-brno.cz\/vyuka\/stv\/stv.htm\">STV<\/a><br><a href=\"https:\/\/www.vojtaf.cz\">ICT<\/a><\/p>\n\n\n\n<h2 class=\"wp-block-heading\">\u0160kola<\/h2>\n\n\n\n<p>\u0158editel: Mgr. Ivo Mach\u00e1t, Ph.D.<br>S\u00eddlo: Zoubkova 20, Brno-Nov\u00fd L\u00edskovec, 634 00<br>Pr\u00e1vn\u00ed forma: spole\u010dnost s ru\u010den\u00edm omezen\u00fdm<br>Telefon: +420 547 356 826<br>I\u010cO: 25335791<br>IZO: 110012445<br>RED-IZO: 600013715<br><br>info@bpa-brno.cz<br><br><a href=\"https:\/\/mapy.com\/s\/dazecobuvo\">Mapa<\/a><\/p>\n\n\n\n<p><a href=\"https:\/\/bp-akademie.cz\/\">Ostatn\u00ed \u0161koly BPA<\/a><br><\/p>\n\n\n\n<p><\/p>\n\n\n\n<p><\/p>\n\n\n\n<p><\/p>\n","protected":false},"excerpt":{"rendered":"<p>Obl\u00edben\u00e9 Bakal\u00e1\u0159i webJOKRYSFacebook\u0160koln\u00ed sportovn\u00ed klub V\u00fdukov\u00e9 zdroje STVICT \u0160kola \u0158editel: Mgr. Ivo Mach\u00e1t, Ph.D.S\u00eddlo: Zoubkova 20, Brno-Nov\u00fd L\u00edskovec, 634 00Pr\u00e1vn\u00ed forma: spole\u010dnost s ru\u010den\u00edm omezen\u00fdmTelefon: +420 547 356 826I\u010cO: 25335791IZO: 110012445RED-IZO: 600013715 info@bpa-brno.cz Mapa Ostatn\u00ed \u0161koly BPA<\/p>\n","protected":false},"author":1,"featured_media":0,"parent":0,"menu_order":0,"comment_status":"closed","ping_status":"closed","template":"","meta":{"footnotes":""},"class_list":["post-195","page","type-page","status-publish","hentry"],"_links":{"self":[{"href":"https:\/\/www.vojtaf.cz\/index.php?rest_route=\/wp\/v2\/pages\/195","targetHints":{"allow":["GET"]}}],"collection":[{"href":"https:\/\/www.vojtaf.cz\/index.php?rest_route=\/wp\/v2\/pages"}],"about":[{"href":"https:\/\/www.vojtaf.cz\/index.php?rest_route=\/wp\/v2\/types\/page"}],"author":[{"embeddable":true,"href":"https:\/\/www.vojtaf.cz\/index.php?rest_route=\/wp\/v2\/users\/1"}],"replies":[{"embeddable":true,"href":"https:\/\/www.vojtaf.cz\/index.php?rest_route=%2Fwp%2Fv2%2Fcomments&post=195"}],"version-history":[{"count":3,"href":"https:\/\/www.vojtaf.cz\/index.php?rest_route=\/wp\/v2\/pages\/195\/revisions"}],"predecessor-version":[{"id":201,"href":"https:\/\/www.vojtaf.cz\/index.php?rest_route=\/wp\/v2\/pages\/195\/revisions\/201"}],"wp:attachment":[{"href":"https:\/\/www.vojtaf.cz\/index.php?rest_route=%2Fwp%2Fv2%2Fmedia&parent=195"}],"curies":[{"name":"wp","href":"https:\/\/api.w.org\/{rel}","templated":true}]}}