{"id":18,"date":"2017-01-28T22:53:40","date_gmt":"2017-01-28T21:53:40","guid":{"rendered":"http:\/\/www.vojtaf.cz\/?page_id=18"},"modified":"2017-01-28T23:42:41","modified_gmt":"2017-01-28T22:42:41","slug":"prace-studentu-201314","status":"publish","type":"page","link":"https:\/\/www.vojtaf.cz\/?page_id=18","title":{"rendered":"Pr\u00e1ce student\u016f 2013\/14"},"content":{"rendered":"<h2 id=\"ukolnakresli_zvire\" class=\"sectionedit1\">\u00dakol: nakresli zv\u00ed\u0159e<\/h2>\n<div class=\"level2\">\n<p>I pomoc\u00ed jednoduch\u00e9ho programu Malov\u00e1n\u00ed um\u00ed na\u0161i studenti vytvo\u0159it obr\u00e1zek, kter\u00fd se m\u016f\u017ee m\u011b\u0159it s pokusy leckter\u00e9ho <a class=\"urlextern\" title=\"http:\/\/www.milanknizak.com\/foto\/330-bez-nazvu-1963-email-na-platne-220x200-cm.jpg\" href=\"http:\/\/www.milanknizak.com\/foto\/330-bez-nazvu-1963-email-na-platne-220x200-cm.jpg\" rel=\"nofollow\">akademick\u00e9ho mal\u00ed\u0159e<\/a>.<\/p>\n<p><a class=\"media\" title=\"malovani-1b-2013:hroch.png\" href=\"\/media\/malovani-1b-2013\/hroch.png\"><img decoding=\"async\" class=\"media alignnone\" title=\"Hroch - autor M.H.\" src=\"\/media\/malovani-1b-2013\/hroch.png\" alt=\"Hroch - autor M.H.\" \/><\/a><br \/>\n<a class=\"media\" title=\"malovani-1b-2013:kocka.png\" href=\"\/media\/malovani-1b-2013\/kocka.png?id=2013_1b_malovani\"><img decoding=\"async\" class=\"media\" title=\"Ko\u010dka - autor V.P.\" src=\"\/media\/malovani-1b-2013\/kocka.png\" alt=\"Ko\u010dka - autor V.P.\" \/><\/a><br \/>\n<a class=\"media\" title=\"malovani-1b-2013:lev.png\" href=\"\/media\/malovani-1b-2013\/lev.png?id=2013_1b_malovani\"><img decoding=\"async\" class=\"media\" title=\"Lev - autor F.I.\" src=\"\/media\/malovani-1b-2013\/lev.png\" alt=\"Lev - autor F.I.\" \/><\/a><br \/>\n<a class=\"media\" title=\"malovani-1b-2013:mlsny-pes.png\" href=\"\/media\/malovani-1b-2013\/mlsny-pes.png?id=2013_1b_malovani\"><img decoding=\"async\" class=\"media\" title=\"Mlsn\u00fd pes - autor L.K.\" src=\"\/media\/malovani-1b-2013\/mlsny-pes.png\" alt=\"Mlsn\u00fd pes - autor L.K.\" \/><\/a><br \/>\n<a class=\"media\" title=\"malovani-1b-2013:motyl.png\" href=\"\/media\/malovani-1b-2013\/motyl.png?id=2013_1b_malovani\"><img decoding=\"async\" class=\"media\" title=\"Mot\u00fdl - autor D.K.\" src=\"\/media\/malovani-1b-2013\/motyl.png\" alt=\"Mot\u00fdl - autor D.K.\" \/><\/a><br \/>\n<a class=\"media\" title=\"malovani-1b-2013:olihen.png\" href=\"\/media\/malovani-1b-2013\/olihen.png?id=2013_1b_malovani\"><img decoding=\"async\" class=\"media\" title=\"Olihe\u0148 - autor A.K.\" src=\"\/media\/malovani-1b-2013\/olihen.png\" alt=\"Olihe\u0148 - autor A.K.\" \/><\/a><br \/>\n<a class=\"media\" title=\"malovani-1b-2013:pes.png\" href=\"\/media\/malovani-1b-2013\/pes.png?id=2013_1b_malovani\"><img decoding=\"async\" class=\"media\" title=\"Pes - autor M.P.\" src=\"\/media\/malovani-1b-2013\/pes.png\" alt=\"Pes - autor M.P.\" \/><\/a><br \/>\n<a class=\"media\" title=\"malovani-1b-2013:prase01.png\" href=\"\/media\/malovani-1b-2013\/prase01.png?id=2013_1b_malovani\"><img decoding=\"async\" class=\"media\" title=\"Prase \u010d. 1 - autor M.P.\" src=\"\/media\/malovani-1b-2013\/prase01.png\" alt=\"Prase \u010d. 1 - autor M.P.\" \/><\/a><br \/>\n<a class=\"media\" title=\"malovani-1b-2013:prase02.png\" href=\"\/media\/malovani-1b-2013\/prase02.png?id=2013_1b_malovani\"><img decoding=\"async\" class=\"media\" title=\"Prase \u010d. 2 - autor M.H.\" src=\"\/media\/malovani-1b-2013\/prase02.png\" alt=\"Prase \u010d. 2 - autor M.H.\" \/><\/a><br \/>\n<a class=\"media\" title=\"malovani-1b-2013:prase03.png\" href=\"\/media\/malovani-1b-2013\/prase03.png?id=2013_1b_malovani\"><img decoding=\"async\" class=\"media\" title=\"Prase \u010d. 3 - autor A.M.\" src=\"\/media\/malovani-1b-2013\/prase03.png\" alt=\"Prase \u010d. 3 - autor A.M.\" \/><\/a><br \/>\n<a class=\"media\" title=\"malovani-1b-2013:ryba.png\" href=\"\/media\/malovani-1b-2013\/ryba.png?id=2013_1b_malovani\"><img decoding=\"async\" class=\"media\" title=\"Ryba - autor T.K.\" src=\"\/media\/malovani-1b-2013\/ryba.png\" alt=\"Ryba - autor T.K.\" \/><\/a><br \/>\n<a class=\"media\" title=\"malovani-1b-2013:tucnak.png\" href=\"\/media\/malovani-1b-2013\/tucnak.png?id=2013_1b_malovani\"><img decoding=\"async\" class=\"media\" title=\"Tu\u010d\u0148\u00e1k - autor M.B.\" src=\"\/media\/malovani-1b-2013\/tucnak.png\" alt=\"Tu\u010d\u0148\u00e1k - autor M.B.\" \/><\/a><br \/>\n<a class=\"media\" title=\"malovani-1b-2013:zirafa.png\" href=\"\/media\/malovani-1b-2013\/zirafa.png?id=2013_1b_malovani\"><img decoding=\"async\" class=\"media\" title=\"\u017dirafa - autor V.F.\" src=\"\/media\/malovani-1b-2013\/zirafa.png\" alt=\"\u017dirafa - autor V.F.\" \/><\/a><\/p>\n<\/div>\n","protected":false},"excerpt":{"rendered":"<p>\u00dakol: nakresli zv\u00ed\u0159e I pomoc\u00ed jednoduch\u00e9ho programu Malov\u00e1n\u00ed um\u00ed na\u0161i studenti vytvo\u0159it obr\u00e1zek, kter\u00fd se m\u016f\u017ee m\u011b\u0159it s pokusy leckter\u00e9ho akademick\u00e9ho mal\u00ed\u0159e.<\/p>\n","protected":false},"author":1,"featured_media":0,"parent":0,"menu_order":0,"comment_status":"closed","ping_status":"closed","template":"","meta":{"footnotes":""},"class_list":["post-18","page","type-page","status-publish","hentry"],"_links":{"self":[{"href":"https:\/\/www.vojtaf.cz\/index.php?rest_route=\/wp\/v2\/pages\/18","targetHints":{"allow":["GET"]}}],"collection":[{"href":"https:\/\/www.vojtaf.cz\/index.php?rest_route=\/wp\/v2\/pages"}],"about":[{"href":"https:\/\/www.vojtaf.cz\/index.php?rest_route=\/wp\/v2\/types\/page"}],"author":[{"embeddable":true,"href":"https:\/\/www.vojtaf.cz\/index.php?rest_route=\/wp\/v2\/users\/1"}],"replies":[{"embeddable":true,"href":"https:\/\/www.vojtaf.cz\/index.php?rest_route=%2Fwp%2Fv2%2Fcomments&post=18"}],"version-history":[{"count":5,"href":"https:\/\/www.vojtaf.cz\/index.php?rest_route=\/wp\/v2\/pages\/18\/revisions"}],"predecessor-version":[{"id":45,"href":"https:\/\/www.vojtaf.cz\/index.php?rest_route=\/wp\/v2\/pages\/18\/revisions\/45"}],"wp:attachment":[{"href":"https:\/\/www.vojtaf.cz\/index.php?rest_route=%2Fwp%2Fv2%2Fmedia&parent=18"}],"curies":[{"name":"wp","href":"https:\/\/api.w.org\/{rel}","templated":true}]}}