{"id":104,"date":"2017-02-01T21:15:49","date_gmt":"2017-02-01T20:15:49","guid":{"rendered":"http:\/\/www.vojtaf.cz\/?page_id=104"},"modified":"2017-02-01T21:19:38","modified_gmt":"2017-02-01T20:19:38","slug":"prace-studentu-201617","status":"publish","type":"page","link":"https:\/\/www.vojtaf.cz\/?page_id=104","title":{"rendered":"Pr\u00e1ce student\u016f 2016\/17"},"content":{"rendered":"<h1 id=\"ukolnakresli_zvire\" class=\"sectionedit1\">\u00dakol: nakresli zv\u00ed\u0159e anebo \u010dlov\u011bka&#8230;<\/h1>\n<div class=\"level2\">\n<p>&#8230;pomoc\u00ed jednoduch\u00e9ho programu Malov\u00e1n\u00ed.<\/p>\n<p>A tady jsou v\u00fdsledky<\/p>\n<p><img decoding=\"async\" class=\"media alignnone\" src=\"\/media\/malovani-1b-2017\/zajic.png\" \/><br \/>\n<img decoding=\"async\" class=\"media alignnone\" src=\"\/media\/malovani-1b-2017\/vrana.png\" \/><br \/>\n<img decoding=\"async\" class=\"media alignnone\" src=\"\/media\/malovani-1b-2017\/pejsek-1.png\" \/><br \/>\n<img decoding=\"async\" class=\"media alignnone\" src=\"\/media\/malovani-1b-2017\/superman.png\" \/><br \/>\n<img decoding=\"async\" class=\"media alignnone\" src=\"\/media\/malovani-1b-2017\/pejsek.png\" \/><br \/>\n<img decoding=\"async\" class=\"media alignnone\" src=\"\/media\/malovani-1b-2017\/ovecka.png\" \/><br \/>\n<img decoding=\"async\" class=\"media alignnone\" src=\"\/media\/malovani-1b-2017\/kytka.png\" \/><br \/>\n<img decoding=\"async\" class=\"media alignnone\" src=\"\/media\/malovani-1b-2017\/meduza.png\" \/><br \/>\n<img decoding=\"async\" class=\"media alignnone\" src=\"\/media\/malovani-1b-2017\/duha.png\" \/><br \/>\n<img decoding=\"async\" class=\"media alignnone\" src=\"\/media\/malovani-1b-2017\/judo.png\" \/><br \/>\n<img decoding=\"async\" class=\"media alignnone\" src=\"\/media\/malovani-1b-2017\/kralik.png\" \/><br \/>\n<img decoding=\"async\" class=\"media alignnone\" src=\"\/media\/malovani-1b-2017\/bodybuilder-1.png\" \/><br \/>\n<img decoding=\"async\" class=\"media alignnone\" src=\"\/media\/malovani-1b-2017\/bodybuilder.png\" \/><br \/>\n<img decoding=\"async\" class=\"media alignnone\" src=\"\/media\/malovani-1b-2017\/beruska.png\" \/><\/p>\n<p>&nbsp;<\/p>\n<\/div>\n","protected":false},"excerpt":{"rendered":"<p>\u00dakol: nakresli zv\u00ed\u0159e anebo \u010dlov\u011bka&#8230; &#8230;pomoc\u00ed jednoduch\u00e9ho programu Malov\u00e1n\u00ed. A tady jsou v\u00fdsledky &nbsp;<\/p>\n","protected":false},"author":1,"featured_media":0,"parent":0,"menu_order":0,"comment_status":"closed","ping_status":"closed","template":"","meta":{"footnotes":""},"class_list":["post-104","page","type-page","status-publish","hentry"],"_links":{"self":[{"href":"https:\/\/www.vojtaf.cz\/index.php?rest_route=\/wp\/v2\/pages\/104","targetHints":{"allow":["GET"]}}],"collection":[{"href":"https:\/\/www.vojtaf.cz\/index.php?rest_route=\/wp\/v2\/pages"}],"about":[{"href":"https:\/\/www.vojtaf.cz\/index.php?rest_route=\/wp\/v2\/types\/page"}],"author":[{"embeddable":true,"href":"https:\/\/www.vojtaf.cz\/index.php?rest_route=\/wp\/v2\/users\/1"}],"replies":[{"embeddable":true,"href":"https:\/\/www.vojtaf.cz\/index.php?rest_route=%2Fwp%2Fv2%2Fcomments&post=104"}],"version-history":[{"count":3,"href":"https:\/\/www.vojtaf.cz\/index.php?rest_route=\/wp\/v2\/pages\/104\/revisions"}],"predecessor-version":[{"id":107,"href":"https:\/\/www.vojtaf.cz\/index.php?rest_route=\/wp\/v2\/pages\/104\/revisions\/107"}],"wp:attachment":[{"href":"https:\/\/www.vojtaf.cz\/index.php?rest_route=%2Fwp%2Fv2%2Fmedia&parent=104"}],"curies":[{"name":"wp","href":"https:\/\/api.w.org\/{rel}","templated":true}]}}